{"id":31342,"date":"2018-04-24T16:17:53","date_gmt":"2018-04-24T13:17:53","guid":{"rendered":"https:\/\/economics.gsu.by\/?page_id=31342"},"modified":"2018-04-24T16:17:53","modified_gmt":"2018-04-24T13:17:53","slug":"ykdysadyyetci-talyplaryn-serginin-acylysyna-gatnasygy","status":"publish","type":"page","link":"https:\/\/economics.gsu.by\/?page_id=31342","title":{"rendered":"Ykdysady\u00fdet\u00e7i talyplary\u0148 sergini\u0148 a\u00e7yly\u015fyna gatna\u015fygy"},"content":{"rendered":"<p style=\"text-align: justify;\">\u201cD\u00fcn\u00fd\u00e4 ykdysady\u00fdeti \u201c h\u00fcn\u00e4rini\u0148 1-nji \u00fdyl belarus we t\u00fcrkmen talyplary Fransiska Skorina adyndaky GDU-ny\u0148 sergi zalynda ge\u00e7irilen prawoslaw sergisine \u201c Prawoslawi\u00fda nazary\u201d atly \u201cKalbyny\u0148 nazary\u201d fotoklubyny\u0148 i\u015fi bolan prawoslawary\u0148 \u201c Hemmani gamlandyr\u00fdan begen\u00e7\u201d atly sergi a\u00e7yly\u015fyna gatna\u015fdylar.<\/p>\n<p style=\"text-align: justify;\"><img class=\"aligncenter size-full wp-image-31343\" title=\"svetpravosl2\" src=\"https:\/\/economics.gsu.by\/wp-content\/uploads\/2018\/04\/svetpravosl21.jpg\" alt=\"\" width=\"90%\" srcset=\"https:\/\/economics.gsu.by\/wp-content\/uploads\/2018\/04\/svetpravosl21.jpg 1028w, https:\/\/economics.gsu.by\/wp-content\/uploads\/2018\/04\/svetpravosl21-300x213.jpg 300w, https:\/\/economics.gsu.by\/wp-content\/uploads\/2018\/04\/svetpravosl21-1024x727.jpg 1024w\" sizes=\"(max-width: 767px) 89vw, (max-width: 1000px) 54vw, (max-width: 1071px) 543px, 580px\" \/><\/p>\n","protected":false},"excerpt":{"rendered":"<p>\u201cD\u00fcn\u00fd\u00e4 ykdysady\u00fdeti \u201c h\u00fcn\u00e4rini\u0148 1-nji \u00fdyl belarus we t\u00fcrkmen talyplary Fransiska Skorina adyndaky GDU-ny\u0148 sergi zalynda ge\u00e7irilen prawoslaw sergisine \u201c Prawoslawi\u00fda nazary\u201d atly \u201cKalbyny\u0148 nazary\u201d fotoklubyny\u0148 i\u015fi bolan prawoslawary\u0148 \u201c Hemmani gamlandyr\u00fdan begen\u00e7\u201d atly sergi a\u00e7yly\u015fyna gatna\u015fdylar.<\/p>\n","protected":false},"author":11,"featured_media":0,"parent":0,"menu_order":0,"comment_status":"closed","ping_status":"closed","template":"","meta":{"ngg_post_thumbnail":0},"_links":{"self":[{"href":"https:\/\/economics.gsu.by\/index.php?rest_route=\/wp\/v2\/pages\/31342"}],"collection":[{"href":"https:\/\/economics.gsu.by\/index.php?rest_route=\/wp\/v2\/pages"}],"about":[{"href":"https:\/\/economics.gsu.by\/index.php?rest_route=\/wp\/v2\/types\/page"}],"author":[{"embeddable":true,"href":"https:\/\/economics.gsu.by\/index.php?rest_route=\/wp\/v2\/users\/11"}],"replies":[{"embeddable":true,"href":"https:\/\/economics.gsu.by\/index.php?rest_route=%2Fwp%2Fv2%2Fcomments&post=31342"}],"version-history":[{"count":0,"href":"https:\/\/economics.gsu.by\/index.php?rest_route=\/wp\/v2\/pages\/31342\/revisions"}],"wp:attachment":[{"href":"https:\/\/economics.gsu.by\/index.php?rest_route=%2Fwp%2Fv2%2Fmedia&parent=31342"}],"curies":[{"name":"wp","href":"https:\/\/api.w.org\/{rel}","templated":true}]}}