{"id":31332,"date":"2018-04-24T15:58:11","date_gmt":"2018-04-24T12:58:11","guid":{"rendered":"https:\/\/economics.gsu.by\/?page_id=31332"},"modified":"2018-04-24T16:05:26","modified_gmt":"2018-04-24T13:05:26","slug":"medeniyete-giris-usti-bilen-bilim-alma","status":"publish","type":"page","link":"https:\/\/economics.gsu.by\/?page_id=31332","title":{"rendered":"Medeni\u00fdete giri\u015f \u00fcsti bilen bilim alma"},"content":{"rendered":"<p style=\"text-align: justify;\"><span style=\"font-size: small;\">1-nji \u00fdyl belarus we t\u00fcrkmen talyplary ykdysady informatika kafedrasyny\u0148, hasabat we kommersi\u00fda, bo\u00fdun\u00e7a kafedrany\u0148 ba\u015f mugallymy Korni\u00fdenka O.E tarapyndan ge\u00e7irilen \u00e7\u00e4rede iki tarap \u00f6z \u00fdurdyny\u0148 ykdysady\u00fdeti, \u00f6\u0148d\u00fcrijilegi, d\u00e4p-dessurlary, medeni\u00fdeti hem-de \u00f6z \u00fdeten\u00a0maksat-myratlaryny biri-birini tany\u015f etdiler. <\/span><\/p>\n<p style=\"text-align: justify;\"><span style=\"font-size: small;\">Belarus talyplary-\u00f6z \u00fdurdy bilen. T\u00fcrkmen talyplary- \u00f6z n\u00e4tany\u015f, \u00f6z\u00fcne \u00e7eki\u015f T\u00fcrkmenistan Respublikasy bilen tany\u015f etdiler.<\/span><\/p>\n<p style=\"text-align: justify;\"><span style=\"font-size: small;\"><img class=\"aligncenter size-full wp-image-31338\" title=\"t20180403_113556\" src=\"https:\/\/economics.gsu.by\/wp-content\/uploads\/2018\/04\/t20180403_1135561.jpg\" alt=\"\" width=\"90%\" srcset=\"https:\/\/economics.gsu.by\/wp-content\/uploads\/2018\/04\/t20180403_1135561.jpg 1012w, https:\/\/economics.gsu.by\/wp-content\/uploads\/2018\/04\/t20180403_1135561-300x211.jpg 300w\" sizes=\"(max-width: 767px) 89vw, (max-width: 1000px) 54vw, (max-width: 1071px) 543px, 580px\" \/><br \/>\n<\/span><\/p>\n<p><span style=\"font-size: small;\"><br \/>\n<\/span><\/p>\n","protected":false},"excerpt":{"rendered":"<p>1-nji \u00fdyl belarus we t\u00fcrkmen talyplary ykdysady informatika kafedrasyny\u0148, hasabat we kommersi\u00fda, bo\u00fdun\u00e7a kafedrany\u0148 ba\u015f mugallymy Korni\u00fdenka O.E tarapyndan ge\u00e7irilen \u00e7\u00e4rede iki tarap \u00f6z \u00fdurdyny\u0148 ykdysady\u00fdeti, \u00f6\u0148d\u00fcrijilegi, d\u00e4p-dessurlary, medeni\u00fdeti hem-de \u00f6z \u00fdeten\u00a0maksat-myratlaryny biri-birini tany\u015f etdiler. Belarus talyplary-\u00f6z \u00fdurdy bilen. T\u00fcrkmen talyplary- \u00f6z n\u00e4tany\u015f, \u00f6z\u00fcne \u00e7eki\u015f T\u00fcrkmenistan Respublikasy bilen tany\u015f etdiler.<\/p>\n","protected":false},"author":11,"featured_media":0,"parent":0,"menu_order":0,"comment_status":"closed","ping_status":"closed","template":"","meta":{"ngg_post_thumbnail":0},"_links":{"self":[{"href":"https:\/\/economics.gsu.by\/index.php?rest_route=\/wp\/v2\/pages\/31332"}],"collection":[{"href":"https:\/\/economics.gsu.by\/index.php?rest_route=\/wp\/v2\/pages"}],"about":[{"href":"https:\/\/economics.gsu.by\/index.php?rest_route=\/wp\/v2\/types\/page"}],"author":[{"embeddable":true,"href":"https:\/\/economics.gsu.by\/index.php?rest_route=\/wp\/v2\/users\/11"}],"replies":[{"embeddable":true,"href":"https:\/\/economics.gsu.by\/index.php?rest_route=%2Fwp%2Fv2%2Fcomments&post=31332"}],"version-history":[{"count":0,"href":"https:\/\/economics.gsu.by\/index.php?rest_route=\/wp\/v2\/pages\/31332\/revisions"}],"wp:attachment":[{"href":"https:\/\/economics.gsu.by\/index.php?rest_route=%2Fwp%2Fv2%2Fmedia&parent=31332"}],"curies":[{"name":"wp","href":"https:\/\/api.w.org\/{rel}","templated":true}]}}