{"id":30645,"date":"2018-03-29T15:19:25","date_gmt":"2018-03-29T12:19:25","guid":{"rendered":"https:\/\/economics.gsu.by\/?page_id=30645"},"modified":"2018-04-03T14:54:13","modified_gmt":"2018-04-03T11:54:13","slug":"talyp-ekonomistin-professional-ygtyyarlylyklarynyn-osdurulmegi","status":"publish","type":"page","link":"https:\/\/economics.gsu.by\/?page_id=30645","title":{"rendered":"Talyp-ekonomisti\u0148 professional ygty\u00fdarlylyklaryny\u0148 \u00f6sd\u00fcr\u00fclmegi"},"content":{"rendered":"<p style=\"text-align: justify;\"><span style=\"font-size: small;\">Ekonomika fakultetini\u0148 belarus we t\u00fcrkmen talyplary, mugallymlary Moldawi\u00fdany\u0148 Ekonomika Akademi\u00fdasyny\u0148 informassion howpsuzlyk d\u00f6redijilik i\u015fleri b\u00f6l\u00fcmini\u0148 inisiatiwasy bo\u00fdun\u00e7a XIV halkara informassion howpsuzlyk \u00abSecuritatea Informationala \u2013 2018\u00bb atly maslahatyny\u0148 \u00e7\u00e4rlerinde ge\u00e7irilen wideomaslahatyna gatna\u015fdylar.<\/span><\/p>\n<p><span style=\"font-size: small;\"> <\/span><\/p>\n<p style=\"text-align: justify;\"><span style=\"font-size: small;\">1-2-nji kursy\u0148 belarus we t\u00fcrkmen talyplary wideomaslahatyny\u0148 ge\u00e7irili\u015f we \u00fdola saly\u015f tehnologi\u00fdalary bilen tany\u015fdylar, amaly hem tejribe g\u00f6rn\u00fc\u015fde ekonomiki informasi\u00fdalar, hasap we komersi\u00fda kafedrasyny\u0148 \u00f6zle\u015fdiril\u00fd\u00e4n we owredil\u00fd\u00e4n sapaklaryny barladylar. Mundan ba\u015fga-da, talyplar i\u0148lis dilini\u0148 \u00e7u\u0148\u0148ur \u00f6wrenilmegini\u0148 zerurlydygyna, halkara komunikassi\u00fdalarynda esasy guraldygyna g\u00f6z \u00fdetirdiler.<\/span><\/p>\n<p style=\"text-align: justify;\"><span style=\"font-size: small;\"> (<em>\u041f\u0435\u0440\u0435\u0432\u043e\u0434<\/em> \u2013 <strong>\u0410\u0442\u0430\u0435\u0432 \u0420\u0443\u0441\u0442\u0430\u043c \u041c\u0435\u0440\u0434\u0430\u043d\u043e\u0432\u0438\u0447<\/strong>, \u0433\u0440\u0443\u043f\u043f\u0430 <strong>\u041c\u042d-11<\/strong>)<\/span><\/p>\n<p style=\"text-align: justify;\"><span style=\"font-size: small;\"><img class=\"aligncenter size-full wp-image-30637\" title=\"studentyvideo1_\" src=\"https:\/\/economics.gsu.by\/wp-content\/uploads\/2018\/03\/studentyvideo1_.jpg\" alt=\"\" width=\"90%\" srcset=\"https:\/\/economics.gsu.by\/wp-content\/uploads\/2018\/03\/studentyvideo1_.jpg 1632w, https:\/\/economics.gsu.by\/wp-content\/uploads\/2018\/03\/studentyvideo1_-300x225.jpg 300w, https:\/\/economics.gsu.by\/wp-content\/uploads\/2018\/03\/studentyvideo1_-1024x768.jpg 1024w\" sizes=\"(max-width: 767px) 89vw, (max-width: 1000px) 54vw, (max-width: 1071px) 543px, 580px\" \/><\/span><\/p>\n<p style=\"text-align: justify;\"><span style=\"font-size: small;\"><a href=\"https:\/\/economics.gsu.by\">\u041d\u0430\u0437\u0430\u0434<\/a><br \/>\n<\/span><\/p>\n","protected":false},"excerpt":{"rendered":"<p>Ekonomika fakultetini\u0148 belarus we t\u00fcrkmen talyplary, mugallymlary Moldawi\u00fdany\u0148 Ekonomika Akademi\u00fdasyny\u0148 informassion howpsuzlyk d\u00f6redijilik i\u015fleri b\u00f6l\u00fcmini\u0148 inisiatiwasy bo\u00fdun\u00e7a XIV halkara informassion howpsuzlyk \u00abSecuritatea Informationala \u2013 2018\u00bb atly maslahatyny\u0148 \u00e7\u00e4rlerinde ge\u00e7irilen wideomaslahatyna gatna\u015fdylar. 1-2-nji kursy\u0148 belarus we t\u00fcrkmen talyplary wideomaslahatyny\u0148 ge\u00e7irili\u015f we \u00fdola saly\u015f tehnologi\u00fdalary bilen tany\u015fdylar, amaly hem tejribe g\u00f6rn\u00fc\u015fde ekonomiki informasi\u00fdalar, hasap we komersi\u00fda kafedrasyny\u0148 &hellip; <\/p>\n<p class=\"link-more\"><a href=\"https:\/\/economics.gsu.by\/?page_id=30645\" class=\"more-link\">\u0427\u0438\u0442\u0430\u0442\u044c \u0434\u0430\u043b\u0435\u0435<span class=\"screen-reader-text\"> \u00abTalyp-ekonomisti\u0148 professional ygty\u00fdarlylyklaryny\u0148 \u00f6sd\u00fcr\u00fclmegi\u00bb<\/span><\/a><\/p>\n","protected":false},"author":11,"featured_media":0,"parent":0,"menu_order":0,"comment_status":"closed","ping_status":"closed","template":"","meta":{"ngg_post_thumbnail":0},"_links":{"self":[{"href":"https:\/\/economics.gsu.by\/index.php?rest_route=\/wp\/v2\/pages\/30645"}],"collection":[{"href":"https:\/\/economics.gsu.by\/index.php?rest_route=\/wp\/v2\/pages"}],"about":[{"href":"https:\/\/economics.gsu.by\/index.php?rest_route=\/wp\/v2\/types\/page"}],"author":[{"embeddable":true,"href":"https:\/\/economics.gsu.by\/index.php?rest_route=\/wp\/v2\/users\/11"}],"replies":[{"embeddable":true,"href":"https:\/\/economics.gsu.by\/index.php?rest_route=%2Fwp%2Fv2%2Fcomments&post=30645"}],"version-history":[{"count":0,"href":"https:\/\/economics.gsu.by\/index.php?rest_route=\/wp\/v2\/pages\/30645\/revisions"}],"wp:attachment":[{"href":"https:\/\/economics.gsu.by\/index.php?rest_route=%2Fwp%2Fv2%2Fmedia&parent=30645"}],"curies":[{"name":"wp","href":"https:\/\/api.w.org\/{rel}","templated":true}]}}